{"id":840,"date":"2023-07-04T15:04:47","date_gmt":"2023-07-04T13:04:47","guid":{"rendered":"http:\/\/tl71xbbkcm.preview.infomaniak.website\/product\/tapis-de-danse-bleu-special-maison-1m50x2m\/"},"modified":"2023-11-06T14:56:51","modified_gmt":"2023-11-06T13:56:51","slug":"tapis-de-danse-bleu-special-maison-1m50x2m","status":"publish","type":"product","link":"https:\/\/somsana.com\/en\/product\/tapis-de-danse-bleu-special-maison-1m50x2m\/","title":{"rendered":"Blue dance floor 1M50x2M"},"content":{"rendered":"<p>Votre Tapis de danse Pro pour la maison TIKI, c&rsquo;est un rev\u00eatement de sol vinyle sur mousse compacte avec finition mate et d\u00e9cor lisse enti\u00e8rement uni. Renforc\u00e9 par une armature en fibre de verre et dot\u00e9 de nombreux coloris, il sera adapt\u00e9 pour la danse classique, le th\u00e9\u00e2tre et tout usage \u00e9v\u00e8nementiel : podiums de d\u00e9fil\u00e9s de mode, plateaux de t\u00e9l\u00e9vision, d\u00e9coration de stands, \u2026<\/p>\n<p>Il b\u00e9n\u00e9ficie d\u2019une bonne isolation phonique \u00e0 la marche, sera d\u2019une grande facilit\u00e9 d\u2019entretien, la surface \u00e9tant \u00e0 la fois lisse et d\u2019un bon rapport glissance-antid\u00e9rapance.<br \/>\nEntrainement de B-boy Kwan<\/p>\n<p><center><div style=\"width: 720px;\" class=\"wp-video\"><!--[if lt IE 9]><script>document.createElement('video');<\/script><![endif]-->\n<video class=\"wp-video-shortcode\" id=\"video-840-1\" width=\"720\" height=\"1280\" poster=\"https:\/\/somsana.com\/wp-content\/uploads\/2023\/07\/Capture-videos-Somsana-1.jpg\" preload=\"metadata\" controls=\"controls\"><source type=\"video\/mp4\" src=\"https:\/\/somsana.com\/wp-content\/uploads\/2023\/07\/KWAN.mp4?_=1\" \/><a href=\"https:\/\/somsana.com\/wp-content\/uploads\/2023\/07\/KWAN.mp4\">https:\/\/somsana.com\/wp-content\/uploads\/2023\/07\/KWAN.mp4<\/a><\/video><\/div><\/p>\n<p>&nbsp;<\/p>\n<p>&nbsp;<\/p>\n<p>&nbsp;<\/p>\n<p>&nbsp;<\/p>\n<p>&nbsp;<\/p>\n<p>&nbsp;<\/p>\n<p>&nbsp;<\/p>\n<p><\/center>&nbsp;<\/p>\n","protected":false},"excerpt":{"rendered":"<p>Dance floor ideal for the home.<\/p>\n<p>Colour: blue<\/p>\n<p>Size: 1M50x2M<\/p>\n<p>Weight :-<\/p>\n<p>Other colours available: grey and black.<\/p>\n<p>Many colours to order - for more information please send an email to : <a href=\"mailto:info@somsana.com\">info@somsana.com<\/a>.<\/p>\n<p>TIKI REFERENCE 6027<\/p>","protected":false},"featured_media":1075,"comment_status":"closed","ping_status":"closed","template":"","meta":[],"product_brand":[],"product_cat":[40,41],"product_tag":[],"class_list":{"0":"post-840","1":"product","2":"type-product","3":"status-publish","4":"has-post-thumbnail","6":"product_cat-tapis-de-danse","7":"product_cat-tiki","8":"product_shipping_class-barres-et-tapis","10":"first","11":"instock","12":"taxable","13":"shipping-taxable","14":"purchasable","15":"product-type-simple"},"_links":{"self":[{"href":"https:\/\/somsana.com\/en\/wp-json\/wp\/v2\/product\/840","targetHints":{"allow":["GET"]}}],"collection":[{"href":"https:\/\/somsana.com\/en\/wp-json\/wp\/v2\/product"}],"about":[{"href":"https:\/\/somsana.com\/en\/wp-json\/wp\/v2\/types\/product"}],"replies":[{"embeddable":true,"href":"https:\/\/somsana.com\/en\/wp-json\/wp\/v2\/comments?post=840"}],"version-history":[{"count":0,"href":"https:\/\/somsana.com\/en\/wp-json\/wp\/v2\/product\/840\/revisions"}],"wp:featuredmedia":[{"embeddable":true,"href":"https:\/\/somsana.com\/en\/wp-json\/wp\/v2\/media\/1075"}],"wp:attachment":[{"href":"https:\/\/somsana.com\/en\/wp-json\/wp\/v2\/media?parent=840"}],"wp:term":[{"taxonomy":"product_brand","embeddable":true,"href":"https:\/\/somsana.com\/en\/wp-json\/wp\/v2\/product_brand?post=840"},{"taxonomy":"product_cat","embeddable":true,"href":"https:\/\/somsana.com\/en\/wp-json\/wp\/v2\/product_cat?post=840"},{"taxonomy":"product_tag","embeddable":true,"href":"https:\/\/somsana.com\/en\/wp-json\/wp\/v2\/product_tag?post=840"}],"curies":[{"name":"wp","href":"https:\/\/api.w.org\/{rel}","templated":true}]}}