{"id":822,"date":"2023-07-04T15:04:47","date_gmt":"2023-07-04T13:04:47","guid":{"rendered":"http:\/\/tl71xbbkcm.preview.infomaniak.website\/product\/barre-de-danse-somsana-1m36\/"},"modified":"2026-03-29T22:00:28","modified_gmt":"2026-03-29T20:00:28","slug":"barre-de-danse-somsana-1m36","status":"publish","type":"product","link":"https:\/\/somsana.com\/en\/product\/barre-de-danse-somsana-1m36\/","title":{"rendered":"Dance Bar House 1M36"},"content":{"rendered":"<p>La danse d\u00e9barque \u00e0 la maison avec cette\u00a0barre professionnelle\u00a0sp\u00e9cialement con\u00e7ue pour s&rsquo;int\u00e9grer \u00e0 vos int\u00e9rieurs.<\/p>\n<p>Ne faites plus\u00a0de trous dans les murs :\u00a0Facile \u00e0 monter ou \u00e0 d\u00e9monter\u00a0pour\u00a0danser\u00a0dans sa chambre, le salon, sur une terrasse ou dans une v\u00e9randa&#8230;<\/p>\n<p>Elle vous accompagnera o\u00f9 vous allez \u00e0 la maison, en vacances ou chez des amis pour vivre votre passion : la Danse.<br \/>\nPour les filles ou gar\u00e7ons, petits et grands, cette barre de danse est id\u00e9ale pour vous !<\/p>\n<ul>\n<li>Stable avec ses supports ronds<\/li>\n<li>Design avec son look contemporain<\/li>\n<li>R\u00e9glable en hauteur pour petits et grands<\/li>\n<li>Anti-Glisse avec ses feutrines coll\u00e9es en dessous, elles prot\u00e8geront \u00e9galement les plus beaux parquets .<\/li>\n<\/ul>\n<p>Poids : 9kg<br \/>\nHauteur maximale 1m15<br \/>\nLongueur barre 1m36<br \/>\nMarque \u00abSOMSANA\u00bb<br \/>\nModulable<br \/>\nBarre Effet Bois<br \/>\nR\u00e9glable en hauteur<br \/>\nExercices \u00e0 la barre : Marta Molinari<\/p>\n<div style=\"width: 640px;\" class=\"wp-video\"><!--[if lt IE 9]><script>document.createElement('video');<\/script><![endif]-->\n<video class=\"wp-video-shortcode\" id=\"video-822-1\" width=\"640\" height=\"584\" poster=\"https:\/\/somsana.com\/wp-content\/uploads\/2023\/07\/Marta-capture-videos.jpg\" preload=\"metadata\" controls=\"controls\"><source type=\"video\/mp4\" src=\"https:\/\/somsana.com\/wp-content\/uploads\/2023\/07\/MARTA-MOLINARI.mp4?_=1\" \/><a href=\"https:\/\/somsana.com\/wp-content\/uploads\/2023\/07\/MARTA-MOLINARI.mp4\">https:\/\/somsana.com\/wp-content\/uploads\/2023\/07\/MARTA-MOLINARI.mp4<\/a><\/video><\/div>\n<h3><\/h3>\n","protected":false},"excerpt":{"rendered":"<p>An ideal bar for the home, with its round legs. It's easy to move around and will give your home a \"dance hall atmosphere\".<\/p>","protected":false},"featured_media":1249,"comment_status":"closed","ping_status":"closed","template":"","meta":[],"product_brand":[],"product_cat":[38],"product_tag":[],"class_list":{"0":"post-822","1":"product","2":"type-product","3":"status-publish","4":"has-post-thumbnail","6":"product_cat-barres-de-danse","7":"product_shipping_class-barres-et-tapis","9":"first","10":"instock","11":"taxable","12":"shipping-taxable","13":"purchasable","14":"product-type-simple"},"_links":{"self":[{"href":"https:\/\/somsana.com\/en\/wp-json\/wp\/v2\/product\/822","targetHints":{"allow":["GET"]}}],"collection":[{"href":"https:\/\/somsana.com\/en\/wp-json\/wp\/v2\/product"}],"about":[{"href":"https:\/\/somsana.com\/en\/wp-json\/wp\/v2\/types\/product"}],"replies":[{"embeddable":true,"href":"https:\/\/somsana.com\/en\/wp-json\/wp\/v2\/comments?post=822"}],"version-history":[{"count":0,"href":"https:\/\/somsana.com\/en\/wp-json\/wp\/v2\/product\/822\/revisions"}],"wp:featuredmedia":[{"embeddable":true,"href":"https:\/\/somsana.com\/en\/wp-json\/wp\/v2\/media\/1249"}],"wp:attachment":[{"href":"https:\/\/somsana.com\/en\/wp-json\/wp\/v2\/media?parent=822"}],"wp:term":[{"taxonomy":"product_brand","embeddable":true,"href":"https:\/\/somsana.com\/en\/wp-json\/wp\/v2\/product_brand?post=822"},{"taxonomy":"product_cat","embeddable":true,"href":"https:\/\/somsana.com\/en\/wp-json\/wp\/v2\/product_cat?post=822"},{"taxonomy":"product_tag","embeddable":true,"href":"https:\/\/somsana.com\/en\/wp-json\/wp\/v2\/product_tag?post=822"}],"curies":[{"name":"wp","href":"https:\/\/api.w.org\/{rel}","templated":true}]}}