{"id":393,"date":"2023-06-02T19:11:18","date_gmt":"2023-06-02T17:11:18","guid":{"rendered":"http:\/\/tl71xbbkcm.preview.infomaniak.website\/?page_id=393"},"modified":"2023-09-20T14:58:46","modified_gmt":"2023-09-20T12:58:46","slug":"paiement-securise","status":"publish","type":"page","link":"https:\/\/somsana.com\/en\/paiement-securise\/","title":{"rendered":"Secure payment"},"content":{"rendered":"<div data-elementor-type=\"wp-page\" data-elementor-id=\"393\" class=\"elementor elementor-393\" data-elementor-post-type=\"page\">\n\t\t\t\t\t\t<section class=\"elementor-section elementor-top-section elementor-element elementor-element-d1ebec3 elementor-section-content-middle elementor-section-boxed elementor-section-height-default elementor-section-height-default\" data-id=\"d1ebec3\" data-element_type=\"section\" data-e-type=\"section\" data-settings=\"{&quot;background_background&quot;:&quot;classic&quot;,&quot;jet_parallax_layout_list&quot;:[]}\">\n\t\t\t\t\t\t\t<div class=\"elementor-background-overlay\"><\/div>\n\t\t\t\t\t\t\t<div class=\"elementor-container elementor-column-gap-default\">\n\t\t\t\t\t<div class=\"elementor-column elementor-col-100 elementor-top-column elementor-element elementor-element-c16fcaf\" data-id=\"c16fcaf\" data-element_type=\"column\" data-e-type=\"column\">\n\t\t\t<div class=\"elementor-widget-wrap elementor-element-populated\">\n\t\t\t\t\t\t<div class=\"elementor-element elementor-element-496f98b elementor-widget elementor-widget-heading\" data-id=\"496f98b\" data-element_type=\"widget\" data-e-type=\"widget\" data-widget_type=\"heading.default\">\n\t\t\t\t<div class=\"elementor-widget-container\">\n\t\t\t\t\t<h2 class=\"elementor-heading-title elementor-size-default\">SECURE PAYMENT\n<\/h2>\t\t\t\t<\/div>\n\t\t\t\t<\/div>\n\t\t\t\t\t<\/div>\n\t\t<\/div>\n\t\t\t\t\t<\/div>\n\t\t<\/section>\n\t\t\t\t<section class=\"elementor-section elementor-top-section elementor-element elementor-element-60beb65 elementor-section-boxed elementor-section-height-default elementor-section-height-default\" data-id=\"60beb65\" data-element_type=\"section\" data-e-type=\"section\" data-settings=\"{&quot;jet_parallax_layout_list&quot;:[]}\">\n\t\t\t\t\t\t<div class=\"elementor-container elementor-column-gap-default\">\n\t\t\t\t\t<div class=\"elementor-column elementor-col-100 elementor-top-column elementor-element elementor-element-6890221\" data-id=\"6890221\" data-element_type=\"column\" data-e-type=\"column\">\n\t\t\t<div class=\"elementor-widget-wrap elementor-element-populated\">\n\t\t\t\t\t\t<div class=\"elementor-element elementor-element-f187a9f elementor-widget elementor-widget-text-editor\" data-id=\"f187a9f\" data-element_type=\"widget\" data-e-type=\"widget\" data-widget_type=\"text-editor.default\">\n\t\t\t\t<div class=\"elementor-widget-container\">\n\t\t\t\t\t\t\t\t\t<p>Somsana complies with the highest online payment security standards!<\/p><p>Payments by credit card (Blue, Visa, Mastercard) are made in full at the end of the order process.<\/p><p>All payments by bank card are 100% secured by the payment module provided by CIC Monetico, in accordance with French and international interbank security measures. Somsana enables Internet users to make online purchases in complete security and peace of mind. Your bank details are encrypted (SSL technology). They do not circulate unencrypted on the Internet and cannot be intercepted. Your bank details (card number, expiry date, etc.) are never passed on to us.<\/p><h2>Is it safe to pay with Somsana?<\/h2><p>When you make a purchase on the internet at Somsana.com, the entire transaction is carried out on a banking site in encrypted mode. You temporarily leave the Somsana site in complete transparency to save your bank details. This guarantees that we will never know your card number! We will never know the details of your purchases, as only the total amount and the order number are transmitted to us.<\/p><h2>What security features does Somsana use?<\/h2><p>Somsana uses the standardised encryption system known as \"SSL protocol\". When you are on the payment page, this is shown by : A closed padlock in the corner of your browser. The mode https:\/\/ instead of http:\/\/ in the address bar of your browser. When you switch from unencrypted to encrypted mode (and vice versa), browsers display a message warning you of the change. Check these elements before entering confidential data, as this will ensure your security. To use the most powerful protocols, we recommend that you use the latest version of your browser.<\/p><p>For more information, please contact us at info@somsana.com<\/p>\t\t\t\t\t\t\t\t<\/div>\n\t\t\t\t<\/div>\n\t\t\t\t\t<\/div>\n\t\t<\/div>\n\t\t\t\t\t<\/div>\n\t\t<\/section>\n\t\t\t\t<\/div>","protected":false},"excerpt":{"rendered":"<p>PAIEMENT S\u00c9CURIS\u00c9 Somsana respecte les plus hauts standards de s\u00e9curit\u00e9 du paiement en ligne ! Les paiements par carte bancaire (Bleue, Visa, Mastercard) s\u2019effectuent dans leur totalit\u00e9 \u00e0 la fin de la commande. Tous les paiements par carte bancaire sont 100% s\u00e9curis\u00e9s par le module de paiement fourni par CIC Monetico, conform\u00e9ment aux dispositifs de [&hellip;]<\/p>\n","protected":false},"author":1,"featured_media":0,"parent":0,"menu_order":0,"comment_status":"closed","ping_status":"closed","template":"","meta":{"footnotes":""},"class_list":["post-393","page","type-page","status-publish","hentry"],"_links":{"self":[{"href":"https:\/\/somsana.com\/en\/wp-json\/wp\/v2\/pages\/393","targetHints":{"allow":["GET"]}}],"collection":[{"href":"https:\/\/somsana.com\/en\/wp-json\/wp\/v2\/pages"}],"about":[{"href":"https:\/\/somsana.com\/en\/wp-json\/wp\/v2\/types\/page"}],"author":[{"embeddable":true,"href":"https:\/\/somsana.com\/en\/wp-json\/wp\/v2\/users\/1"}],"replies":[{"embeddable":true,"href":"https:\/\/somsana.com\/en\/wp-json\/wp\/v2\/comments?post=393"}],"version-history":[{"count":0,"href":"https:\/\/somsana.com\/en\/wp-json\/wp\/v2\/pages\/393\/revisions"}],"wp:attachment":[{"href":"https:\/\/somsana.com\/en\/wp-json\/wp\/v2\/media?parent=393"}],"curies":[{"name":"wp","href":"https:\/\/api.w.org\/{rel}","templated":true}]}}