{"id":385,"date":"2023-06-02T19:05:52","date_gmt":"2023-06-02T17:05:52","guid":{"rendered":"http:\/\/tl71xbbkcm.preview.infomaniak.website\/?page_id=385"},"modified":"2023-09-20T15:24:53","modified_gmt":"2023-09-20T13:24:53","slug":"conditions-generales-de-vente","status":"publish","type":"page","link":"https:\/\/somsana.com\/en\/conditions-generales-de-vente\/","title":{"rendered":"General terms and conditions of sale"},"content":{"rendered":"<div data-elementor-type=\"wp-page\" data-elementor-id=\"385\" class=\"elementor elementor-385\" data-elementor-post-type=\"page\">\n\t\t\t\t\t\t<section class=\"elementor-section elementor-top-section elementor-element elementor-element-e44b6e8 elementor-section-content-middle elementor-section-boxed elementor-section-height-default elementor-section-height-default\" data-id=\"e44b6e8\" data-element_type=\"section\" data-e-type=\"section\" data-settings=\"{&quot;background_background&quot;:&quot;classic&quot;,&quot;jet_parallax_layout_list&quot;:[]}\">\n\t\t\t\t\t\t\t<div class=\"elementor-background-overlay\"><\/div>\n\t\t\t\t\t\t\t<div class=\"elementor-container elementor-column-gap-default\">\n\t\t\t\t\t<div class=\"elementor-column elementor-col-100 elementor-top-column elementor-element elementor-element-859dbb0\" data-id=\"859dbb0\" data-element_type=\"column\" data-e-type=\"column\">\n\t\t\t<div class=\"elementor-widget-wrap elementor-element-populated\">\n\t\t\t\t\t\t<div class=\"elementor-element elementor-element-d929657 elementor-widget elementor-widget-heading\" data-id=\"d929657\" data-element_type=\"widget\" data-e-type=\"widget\" data-widget_type=\"heading.default\">\n\t\t\t\t<div class=\"elementor-widget-container\">\n\t\t\t\t\t<h2 class=\"elementor-heading-title elementor-size-default\">GENERAL TERMS AND CONDITIONS OF SALE<\/h2>\t\t\t\t<\/div>\n\t\t\t\t<\/div>\n\t\t\t\t\t<\/div>\n\t\t<\/div>\n\t\t\t\t\t<\/div>\n\t\t<\/section>\n\t\t\t\t<section class=\"elementor-section elementor-top-section elementor-element elementor-element-cd82509 elementor-section-boxed elementor-section-height-default elementor-section-height-default\" data-id=\"cd82509\" data-element_type=\"section\" data-e-type=\"section\" data-settings=\"{&quot;jet_parallax_layout_list&quot;:[]}\">\n\t\t\t\t\t\t<div class=\"elementor-container elementor-column-gap-default\">\n\t\t\t\t\t<div class=\"elementor-column elementor-col-100 elementor-top-column elementor-element elementor-element-ad72a27\" data-id=\"ad72a27\" data-element_type=\"column\" data-e-type=\"column\">\n\t\t\t<div class=\"elementor-widget-wrap elementor-element-populated\">\n\t\t\t\t\t\t<div class=\"elementor-element elementor-element-d5f9b56 elementor-widget elementor-widget-text-editor\" data-id=\"d5f9b56\" data-element_type=\"widget\" data-e-type=\"widget\" data-widget_type=\"text-editor.default\">\n\t\t\t\t<div class=\"elementor-widget-container\">\n\t\t\t\t\t\t\t\t\t<p>General terms and conditions of sale of Somsana : your online shop<\/p><h2>ORDERS<\/h2><p>You must place your order via our automated online sales system. We do not accept orders by telephone, fax or email. Orders will be processed within a maximum of 15 working days.<\/p><h2>PAYMENT<\/h2><p>Payment for your order must be made by credit card, bank transfer or paypal. Your card number is not communicated to us. It is only transmitted by encryption to the bank, which handles the transaction directly.<\/p><h2>DELIVERIES, RETURNS AND EXCHANGES<\/h2><p>Read all the conditions on the dedicated page.<\/p><h2>UNAVAILABLE PRODUCTS AND BACKORDERS<\/h2><p>If one or more items are unavailable, we guarantee delivery of your entire order within a maximum of 35 days. In the event of a longer lead time, you will be notified by email of the unavailability of the items and their expected delivery date. At your request, we can make a partial delivery. In this case, the remainder will be cancelled and you will have to place a new order.<\/p><h2>RATES<\/h2><p>All our prices include VAT. If taxes change, this will be reflected in the sale price. In most cases, there is a price difference between children's sizes and adult sizes.<\/p>\t\t\t\t\t\t\t\t<\/div>\n\t\t\t\t<\/div>\n\t\t\t\t\t<\/div>\n\t\t<\/div>\n\t\t\t\t\t<\/div>\n\t\t<\/section>\n\t\t\t\t<\/div>","protected":false},"excerpt":{"rendered":"<p>CONDITIONS G\u00c9N\u00c9RALES DE VENTE Les conditions g\u00e9n\u00e9rales de vente de Somsana : votre boutique en ligne LES COMMANDES Vous devez passer imp\u00e9rativement votre commande par le biais de notre syst\u00e8me automatis\u00e9 de vente en ligne. Nous n&rsquo;acceptons aucune commande par t\u00e9l\u00e9phone, fax ou email. Les commandes seront trait\u00e9es dans un d\u00e9lai maximum de 15 jours [&hellip;]<\/p>\n","protected":false},"author":1,"featured_media":0,"parent":0,"menu_order":0,"comment_status":"closed","ping_status":"closed","template":"","meta":{"footnotes":""},"class_list":["post-385","page","type-page","status-publish","hentry"],"_links":{"self":[{"href":"https:\/\/somsana.com\/en\/wp-json\/wp\/v2\/pages\/385","targetHints":{"allow":["GET"]}}],"collection":[{"href":"https:\/\/somsana.com\/en\/wp-json\/wp\/v2\/pages"}],"about":[{"href":"https:\/\/somsana.com\/en\/wp-json\/wp\/v2\/types\/page"}],"author":[{"embeddable":true,"href":"https:\/\/somsana.com\/en\/wp-json\/wp\/v2\/users\/1"}],"replies":[{"embeddable":true,"href":"https:\/\/somsana.com\/en\/wp-json\/wp\/v2\/comments?post=385"}],"version-history":[{"count":0,"href":"https:\/\/somsana.com\/en\/wp-json\/wp\/v2\/pages\/385\/revisions"}],"wp:attachment":[{"href":"https:\/\/somsana.com\/en\/wp-json\/wp\/v2\/media?parent=385"}],"curies":[{"name":"wp","href":"https:\/\/api.w.org\/{rel}","templated":true}]}}