{"id":372,"date":"2023-06-02T18:57:53","date_gmt":"2023-06-02T16:57:53","guid":{"rendered":"http:\/\/tl71xbbkcm.preview.infomaniak.website\/?page_id=372"},"modified":"2023-09-20T14:58:58","modified_gmt":"2023-09-20T12:58:58","slug":"regle-de-livraison","status":"publish","type":"page","link":"https:\/\/somsana.com\/en\/regle-de-livraison\/","title":{"rendered":"Delivery rule"},"content":{"rendered":"<div data-elementor-type=\"wp-page\" data-elementor-id=\"372\" class=\"elementor elementor-372\" data-elementor-post-type=\"page\">\n\t\t\t\t\t\t<section class=\"elementor-section elementor-top-section elementor-element elementor-element-72c4ed48 elementor-section-content-middle elementor-section-boxed elementor-section-height-default elementor-section-height-default\" data-id=\"72c4ed48\" data-element_type=\"section\" data-e-type=\"section\" data-settings=\"{&quot;background_background&quot;:&quot;classic&quot;,&quot;jet_parallax_layout_list&quot;:[]}\">\n\t\t\t\t\t\t\t<div class=\"elementor-background-overlay\"><\/div>\n\t\t\t\t\t\t\t<div class=\"elementor-container elementor-column-gap-default\">\n\t\t\t\t\t<div class=\"elementor-column elementor-col-100 elementor-top-column elementor-element elementor-element-5264392\" data-id=\"5264392\" data-element_type=\"column\" data-e-type=\"column\">\n\t\t\t<div class=\"elementor-widget-wrap elementor-element-populated\">\n\t\t\t\t\t\t<div class=\"elementor-element elementor-element-5b0d605c elementor-widget elementor-widget-heading\" data-id=\"5b0d605c\" data-element_type=\"widget\" data-e-type=\"widget\" data-widget_type=\"heading.default\">\n\t\t\t\t<div class=\"elementor-widget-container\">\n\t\t\t\t\t<h2 class=\"elementor-heading-title elementor-size-default\">DELIVERY RULES<\/h2>\t\t\t\t<\/div>\n\t\t\t\t<\/div>\n\t\t\t\t\t<\/div>\n\t\t<\/div>\n\t\t\t\t\t<\/div>\n\t\t<\/section>\n\t\t\t\t<section class=\"elementor-section elementor-top-section elementor-element elementor-element-638e3a11 elementor-section-boxed elementor-section-height-default elementor-section-height-default\" data-id=\"638e3a11\" data-element_type=\"section\" data-e-type=\"section\" data-settings=\"{&quot;jet_parallax_layout_list&quot;:[]}\">\n\t\t\t\t\t\t<div class=\"elementor-container elementor-column-gap-default\">\n\t\t\t\t\t<div class=\"elementor-column elementor-col-100 elementor-top-column elementor-element elementor-element-24661930\" data-id=\"24661930\" data-element_type=\"column\" data-e-type=\"column\">\n\t\t\t<div class=\"elementor-widget-wrap elementor-element-populated\">\n\t\t\t\t\t\t<div class=\"elementor-element elementor-element-9ad5f68 elementor-widget elementor-widget-text-editor\" data-id=\"9ad5f68\" data-element_type=\"widget\" data-e-type=\"widget\" data-widget_type=\"text-editor.default\">\n\t\t\t\t<div class=\"elementor-widget-container\">\n\t\t\t\t\t\t\t\t\t<h2>Processing time<\/h2><p>Processing times are NOT included in delivery times (1-2 working days for your orders to be processed before being dispatched according to the respective shipping methods).<\/p><h2>The tracking code<\/h2><p>A dispatch notification with a tracking code is sent by e-mail to the e-mail address used for the purchase, once the order has been dispatched.<\/p><h2>Shipping time<\/h2><p>Delivery takes between 7 and 14 days. The average delivery time is 10 days. Factors such as logistics and customs clearance may affect the delivery time. We will not be held responsible for delays that are beyond our control. (For example, customs delays \/ holidays or congestion during peak full stops \/ adverse weather conditions, etc.).<\/p><p>We strive to provide top of the range delivery speeds worldwide. Please contact us if you require any further information, info@somsana.com. Our team is available 24\/7 to help you.<\/p>\t\t\t\t\t\t\t\t<\/div>\n\t\t\t\t<\/div>\n\t\t\t\t<div class=\"elementor-element elementor-element-3cfe270 elementor-widget elementor-widget-heading\" data-id=\"3cfe270\" data-element_type=\"widget\" data-e-type=\"widget\" data-widget_type=\"heading.default\">\n\t\t\t\t<div class=\"elementor-widget-container\">\n\t\t\t\t\t<h2 class=\"elementor-heading-title elementor-size-default\">EXCHANGES AND RETURNS OF YOUR ORDER\n<\/h2>\t\t\t\t<\/div>\n\t\t\t\t<\/div>\n\t\t\t\t<div class=\"elementor-element elementor-element-c465714 elementor-widget elementor-widget-text-editor\" data-id=\"c465714\" data-element_type=\"widget\" data-e-type=\"widget\" data-widget_type=\"text-editor.default\">\n\t\t\t\t<div class=\"elementor-widget-container\">\n\t\t\t\t\t\t\t\t\t<h3>Free exchange of your dancewear<\/h3><p>At Somsana exchanges are possible, for example if you've got the wrong size or colour? Just send your item by colissimo to Somsana at 3 impasse Longchamp 06000 Nice (at your expense) and we will send you the exchange free of charge. However, it is important to tell us what you need to change.<\/p><h3>Return under certain conditions<\/h3><p>We take great care in the design and manufacture of our products and in processing customer orders. However, if you are not satisfied, we are prepared to refund your money under certain conditions.<\/p><h3>Exchange and returns procedure<\/h3><p>You must inform us, by email only: info@somsana.com , within 14 days of delivery of the items in accordance with the provisions of article L121-16 of the French Consumer Code. No claims will be accepted after this period.<\/p><p>Items must be returned to us in their original packaging and must be intact with their labels attached. They must not have been washed or soiled. For hygiene reasons, leotards and academics must be tried on with underwear. We do not accept returns for tights, toe caps, accessories\/hair and Dance Belt as well as promotional items. Items not complying with these conditions will be returned automatically.<\/p><p>Items must be returned at the customer's expense by colissimo only to the following address: Somsana, 3 impasse Longchamp 06000 Nice-France. Somsana cannot be held responsible in case of loss or damage of the returns. Your return will be processed within 7 days. Reimbursement is made upon receipt of your return package and subject to compliance with the return conditions mentioned above. We reserve the right to refuse any return that does not comply with the procedure. The refund will be made to the bank account linked to the credit card used to pay for the order.<\/p><p>The return will be at your expense.<\/p><p>Thank you for your attention<\/p><p><strong>The Somsana team.<\/strong><\/p>\t\t\t\t\t\t\t\t<\/div>\n\t\t\t\t<\/div>\n\t\t\t\t\t<\/div>\n\t\t<\/div>\n\t\t\t\t\t<\/div>\n\t\t<\/section>\n\t\t\t\t<\/div>","protected":false},"excerpt":{"rendered":"<p>R\u00c8GLES DE LIVRAISON Le temps de traitement Les d\u00e9lais de traitement ne sont PAS inclus dans les d\u00e9lais de livraison (1-2 jours ouvrables pour que vos commandes soient trait\u00e9es avant d\u2019\u00eatre exp\u00e9di\u00e9es selon les m\u00e9thodes d\u2019exp\u00e9dition respectives). Le code de suivi Une notification d\u2019exp\u00e9dition avec un code de suivi est envoy\u00e9 par courrier \u00e9lectronique \u00e0 [&hellip;]<\/p>\n","protected":false},"author":1,"featured_media":0,"parent":0,"menu_order":0,"comment_status":"closed","ping_status":"closed","template":"","meta":{"footnotes":""},"class_list":["post-372","page","type-page","status-publish","hentry"],"_links":{"self":[{"href":"https:\/\/somsana.com\/en\/wp-json\/wp\/v2\/pages\/372","targetHints":{"allow":["GET"]}}],"collection":[{"href":"https:\/\/somsana.com\/en\/wp-json\/wp\/v2\/pages"}],"about":[{"href":"https:\/\/somsana.com\/en\/wp-json\/wp\/v2\/types\/page"}],"author":[{"embeddable":true,"href":"https:\/\/somsana.com\/en\/wp-json\/wp\/v2\/users\/1"}],"replies":[{"embeddable":true,"href":"https:\/\/somsana.com\/en\/wp-json\/wp\/v2\/comments?post=372"}],"version-history":[{"count":0,"href":"https:\/\/somsana.com\/en\/wp-json\/wp\/v2\/pages\/372\/revisions"}],"wp:attachment":[{"href":"https:\/\/somsana.com\/en\/wp-json\/wp\/v2\/media?parent=372"}],"curies":[{"name":"wp","href":"https:\/\/api.w.org\/{rel}","templated":true}]}}