{"id":266,"date":"2023-05-19T20:13:52","date_gmt":"2023-05-19T18:13:52","guid":{"rendered":"http:\/\/tl71xbbkcm.preview.infomaniak.website\/?page_id=266"},"modified":"2023-09-20T14:34:30","modified_gmt":"2023-09-20T12:34:30","slug":"alldance","status":"publish","type":"page","link":"https:\/\/somsana.com\/en\/alldance\/","title":{"rendered":"Alldance"},"content":{"rendered":"\t\t<div data-elementor-type=\"wp-page\" data-elementor-id=\"266\" class=\"elementor elementor-266\" data-elementor-post-type=\"page\">\n\t\t\t\t<div class=\"elementor-element elementor-element-2a16e7a e-flex e-con-boxed e-con e-parent\" data-id=\"2a16e7a\" data-element_type=\"container\" data-e-type=\"container\" data-settings=\"{&quot;background_background&quot;:&quot;classic&quot;,&quot;jet_parallax_layout_list&quot;:[]}\">\n\t\t\t\t\t<div class=\"e-con-inner\">\n\t\t\t\t<div class=\"elementor-element elementor-element-377265a elementor-widget elementor-widget-heading\" data-id=\"377265a\" data-element_type=\"widget\" data-e-type=\"widget\" data-widget_type=\"heading.default\">\n\t\t\t\t<div class=\"elementor-widget-container\">\n\t\t\t\t\t<h1 class=\"elementor-heading-title elementor-size-default\">ALLDANCE<\/h1>\t\t\t\t<\/div>\n\t\t\t\t<\/div>\n\t\t\t\t\t<\/div>\n\t\t\t\t<\/div>\n\t\t<div class=\"elementor-element elementor-element-8cdc260 e-flex e-con-boxed e-con e-parent\" data-id=\"8cdc260\" data-element_type=\"container\" data-e-type=\"container\" data-settings=\"{&quot;jet_parallax_layout_list&quot;:[]}\">\n\t\t\t\t\t<div class=\"e-con-inner\">\n\t\t\t\t<div class=\"elementor-element elementor-element-965d0c7 elementor-widget elementor-widget-image\" data-id=\"965d0c7\" data-element_type=\"widget\" data-e-type=\"widget\" data-widget_type=\"image.default\">\n\t\t\t\t<div class=\"elementor-widget-container\">\n\t\t\t\t\t\t\t\t\t\t\t\t\t\t\t<img decoding=\"async\" width=\"224\" height=\"101\" src=\"https:\/\/somsana.com\/wp-content\/uploads\/2023\/05\/sp-g3shop-logo-1502120526.jpg.png\" class=\"attachment-large size-large wp-image-269\" alt=\"alldance\" \/>\t\t\t\t\t\t\t\t\t\t\t\t\t\t\t<\/div>\n\t\t\t\t<\/div>\n\t\t<div class=\"elementor-element elementor-element-16a1db1 e-flex e-con-boxed e-con e-child\" data-id=\"16a1db1\" data-element_type=\"container\" data-e-type=\"container\" data-settings=\"{&quot;jet_parallax_layout_list&quot;:[]}\">\n\t\t\t\t\t<div class=\"e-con-inner\">\n\t\t\t\t<div class=\"elementor-element elementor-element-a9c813b elementor-widget elementor-widget-image\" data-id=\"a9c813b\" data-element_type=\"widget\" data-e-type=\"widget\" data-widget_type=\"image.default\">\n\t\t\t\t<div class=\"elementor-widget-container\">\n\t\t\t\t\t\t\t\t\t\t\t\t\t\t\t<img fetchpriority=\"high\" decoding=\"async\" width=\"456\" height=\"378\" src=\"https:\/\/somsana.com\/wp-content\/uploads\/2023\/05\/magasin1.jpg.jpg\" class=\"attachment-large size-large wp-image-271\" alt=\"\" srcset=\"https:\/\/somsana.com\/wp-content\/uploads\/2023\/05\/magasin1.jpg.jpg 456w, https:\/\/somsana.com\/wp-content\/uploads\/2023\/05\/magasin1.jpg-300x249.jpg 300w\" sizes=\"(max-width: 456px) 100vw, 456px\" \/>\t\t\t\t\t\t\t\t\t\t\t\t\t\t\t<\/div>\n\t\t\t\t<\/div>\n\t\t\t\t<div class=\"elementor-element elementor-element-3c826a0 elementor-widget elementor-widget-text-editor\" data-id=\"3c826a0\" data-element_type=\"widget\" data-e-type=\"widget\" data-widget_type=\"text-editor.default\">\n\t\t\t\t<div class=\"elementor-widget-container\">\n\t\t\t\t\t\t\t\t\t<p>Que vous recherchiez des pointes, des demi-pointes, des ballerines, des bottines, des baskets, des sneakers, un justaucorps aux fines bretelles, un justaucorps aux manches longues ou un justaucorps en dentelle, des chaussures de danse de salon ou un sac Repetto : Alldance vous le proposera.<\/p><p>Vous trouverez votre article\u00a0dans votre magasin\u00a0ou sur notre site de danse en ligne\u00a0avec sans doute l&rsquo;un des plus grands choix de France.<\/p>\t\t\t\t\t\t\t\t<\/div>\n\t\t\t\t<\/div>\n\t\t\t\t\t<\/div>\n\t\t\t\t<\/div>\n\t\t<div class=\"elementor-element elementor-element-d64ca36 e-flex e-con-boxed e-con e-child\" data-id=\"d64ca36\" data-element_type=\"container\" data-e-type=\"container\" data-settings=\"{&quot;jet_parallax_layout_list&quot;:[]}\">\n\t\t\t\t\t<div class=\"e-con-inner\">\n\t\t\t\t<div class=\"elementor-element elementor-element-87da75d elementor-widget elementor-widget-text-editor\" data-id=\"87da75d\" data-element_type=\"widget\" data-e-type=\"widget\" data-widget_type=\"text-editor.default\">\n\t\t\t\t<div class=\"elementor-widget-container\">\n\t\t\t\t\t\t\t\t\t<p>Nos articles de danse sont\u00a0rares et vraiment diff\u00e9rents.<\/p><p>Nous\u00a0sillonnons le monde\u00a0\u00e0 la recherche d\u2019articles de danse avec un vrai travail sur l\u2019esth\u00e9tisme, que ce soit sur le textile, les chaussures et m\u00eame les accessoires.<\/p><p>Pour que vous soyez belle pour danser !<\/p>\t\t\t\t\t\t\t\t<\/div>\n\t\t\t\t<\/div>\n\t\t\t\t<div class=\"elementor-element elementor-element-bb36c26 elementor-widget elementor-widget-image\" data-id=\"bb36c26\" data-element_type=\"widget\" data-e-type=\"widget\" data-widget_type=\"image.default\">\n\t\t\t\t<div class=\"elementor-widget-container\">\n\t\t\t\t\t\t\t\t\t\t\t\t\t\t\t<img decoding=\"async\" width=\"456\" height=\"365\" src=\"https:\/\/somsana.com\/wp-content\/uploads\/2023\/05\/magasin2.jpg.jpg\" class=\"attachment-large size-large wp-image-272\" alt=\"\" srcset=\"https:\/\/somsana.com\/wp-content\/uploads\/2023\/05\/magasin2.jpg.jpg 456w, https:\/\/somsana.com\/wp-content\/uploads\/2023\/05\/magasin2.jpg-300x240.jpg 300w\" sizes=\"(max-width: 456px) 100vw, 456px\" \/>\t\t\t\t\t\t\t\t\t\t\t\t\t\t\t<\/div>\n\t\t\t\t<\/div>\n\t\t\t\t\t<\/div>\n\t\t\t\t<\/div>\n\t\t<div class=\"elementor-element elementor-element-6465f92 e-flex e-con-boxed e-con e-child\" data-id=\"6465f92\" data-element_type=\"container\" data-e-type=\"container\" data-settings=\"{&quot;jet_parallax_layout_list&quot;:[]}\">\n\t\t\t\t\t<div class=\"e-con-inner\">\n\t\t\t\t<div class=\"elementor-element elementor-element-f134f38 elementor-widget elementor-widget-image\" data-id=\"f134f38\" data-element_type=\"widget\" data-e-type=\"widget\" data-widget_type=\"image.default\">\n\t\t\t\t<div class=\"elementor-widget-container\">\n\t\t\t\t\t\t\t\t\t\t\t\t\t\t\t<img loading=\"lazy\" decoding=\"async\" width=\"468\" height=\"474\" src=\"https:\/\/somsana.com\/wp-content\/uploads\/2023\/05\/ALL-DANCE-0153-ConvertImage.jpg.jpg\" class=\"attachment-large size-large wp-image-270\" alt=\"\" srcset=\"https:\/\/somsana.com\/wp-content\/uploads\/2023\/05\/ALL-DANCE-0153-ConvertImage.jpg.jpg 468w, https:\/\/somsana.com\/wp-content\/uploads\/2023\/05\/ALL-DANCE-0153-ConvertImage.jpg-296x300.jpg 296w, https:\/\/somsana.com\/wp-content\/uploads\/2023\/05\/ALL-DANCE-0153-ConvertImage.jpg-100x100.jpg 100w\" sizes=\"(max-width: 468px) 100vw, 468px\" \/>\t\t\t\t\t\t\t\t\t\t\t\t\t\t\t<\/div>\n\t\t\t\t<\/div>\n\t\t\t\t<div class=\"elementor-element elementor-element-9b3a161 elementor-widget elementor-widget-text-editor\" data-id=\"9b3a161\" data-element_type=\"widget\" data-e-type=\"widget\" data-widget_type=\"text-editor.default\">\n\t\t\t\t<div class=\"elementor-widget-container\">\n\t\t\t\t\t\t\t\t\t<p>Nos conseillers sont\u00a0passionn\u00e9s par leur m\u00e9tier\u00a0et ont \u00e0 coeur de vous accueillir et vous guider pour que votre passage en magasin soit plus qu\u2019un simple achat mais un\u00a0bon moment \u00e0 passer\u00a0en famille, entre amis ou, tout simplement, \u00e0 r\u00eaver !\u00a0<\/p><p>Nos conseils sont toujours personnalis\u00e9s\u00a0et surtout professionnels (nos 15 ans de m\u00e9tier en disent long !), pour que la pratique de votre passion soit toujours un moment de pur plaisir !<\/p>\t\t\t\t\t\t\t\t<\/div>\n\t\t\t\t<\/div>\n\t\t\t\t\t<\/div>\n\t\t\t\t<\/div>\n\t\t\t\t\t<\/div>\n\t\t\t\t<\/div>\n\t\t<div class=\"elementor-element elementor-element-7ba2ade e-flex e-con-boxed e-con e-parent\" data-id=\"7ba2ade\" data-element_type=\"container\" data-e-type=\"container\" data-settings=\"{&quot;background_background&quot;:&quot;classic&quot;,&quot;jet_parallax_layout_list&quot;:[]}\">\n\t\t\t\t\t<div class=\"e-con-inner\">\n\t\t\t\t<div class=\"elementor-element elementor-element-bc494b4 elementor-widget elementor-widget-heading\" data-id=\"bc494b4\" data-element_type=\"widget\" data-e-type=\"widget\" data-widget_type=\"heading.default\">\n\t\t\t\t<div class=\"elementor-widget-container\">\n\t\t\t\t\t<span class=\"elementor-heading-title elementor-size-default\">Pour plus de renseignements merci de contacter : info@somsana.com<\/span>\t\t\t\t<\/div>\n\t\t\t\t<\/div>\n\t\t\t\t\t<\/div>\n\t\t\t\t<\/div>\n\t\t\t\t<section class=\"elementor-section elementor-top-section elementor-element elementor-element-d7758f4 elementor-section-boxed elementor-section-height-default elementor-section-height-default\" data-id=\"d7758f4\" data-element_type=\"section\" data-e-type=\"section\" data-settings=\"{&quot;jet_parallax_layout_list&quot;:[],&quot;background_background&quot;:&quot;classic&quot;}\">\n\t\t\t\t\t\t<div class=\"elementor-container elementor-column-gap-default\">\n\t\t\t\t\t<div class=\"elementor-column elementor-col-100 elementor-top-column elementor-element elementor-element-8b64825\" data-id=\"8b64825\" data-element_type=\"column\" data-e-type=\"column\">\n\t\t\t<div class=\"elementor-widget-wrap elementor-element-populated\">\n\t\t\t\t\t\t<section class=\"elementor-section elementor-inner-section elementor-element elementor-element-afb18fe elementor-section-boxed elementor-section-height-default elementor-section-height-default\" data-id=\"afb18fe\" data-element_type=\"section\" data-e-type=\"section\" data-settings=\"{&quot;jet_parallax_layout_list&quot;:[]}\">\n\t\t\t\t\t\t<div class=\"elementor-container elementor-column-gap-no\">\n\t\t\t\t\t<div class=\"elementor-column elementor-col-100 elementor-inner-column elementor-element elementor-element-77b644a\" data-id=\"77b644a\" data-element_type=\"column\" data-e-type=\"column\">\n\t\t\t<div class=\"elementor-widget-wrap elementor-element-populated\">\n\t\t\t\t\t\t<div class=\"elementor-element elementor-element-093e8fa elementor-widget elementor-widget-heading\" data-id=\"093e8fa\" data-element_type=\"widget\" data-e-type=\"widget\" data-widget_type=\"heading.default\">\n\t\t\t\t<div class=\"elementor-widget-container\">\n\t\t\t\t\t<h2 class=\"elementor-heading-title elementor-size-default\">Devenez partenaire \/ambassadeur de Somsana !<\/h2>\t\t\t\t<\/div>\n\t\t\t\t<\/div>\n\t\t\t\t<div class=\"elementor-element elementor-element-278e46b elementor-widget elementor-widget-text-editor\" data-id=\"278e46b\" data-element_type=\"widget\" data-e-type=\"widget\" data-widget_type=\"text-editor.default\">\n\t\t\t\t<div class=\"elementor-widget-container\">\n\t\t\t\t\t\t\t\t\tSOMSANA s&rsquo;efforce de travailler avec des partenaires locaux et internationaux rigoureusement s\u00e9lectionn\u00e9s. Notre priorit\u00e9 \u00e9tant des produits de haute qualit\u00e9, innovants, tr\u00e8s comp\u00e9titifs et bien s\u00fbr des services.\t\t\t\t\t\t\t\t<\/div>\n\t\t\t\t<\/div>\n\t\t\t\t<div class=\"elementor-element elementor-element-5dba9ce elementor-mobile-button-align-end elementor-button-align-stretch elementor-widget elementor-widget-form\" data-id=\"5dba9ce\" data-element_type=\"widget\" data-e-type=\"widget\" data-settings=\"{&quot;button_width&quot;:&quot;40&quot;,&quot;step_next_label&quot;:&quot;Next&quot;,&quot;step_previous_label&quot;:&quot;Previous&quot;,&quot;step_icon_shape&quot;:&quot;none&quot;,&quot;step_type&quot;:&quot;none&quot;,&quot;button_width_mobile&quot;:&quot;50&quot;}\" data-widget_type=\"form.default\">\n\t\t\t\t<div class=\"elementor-widget-container\">\n\t\t\t\t\t\t\t<form class=\"elementor-form\" method=\"post\" name=\"New Form\" aria-label=\"New Form\">\n\t\t\t<input type=\"hidden\" name=\"post_id\" value=\"266\"\/>\n\t\t\t<input type=\"hidden\" name=\"form_id\" value=\"5dba9ce\"\/>\n\t\t\t<input type=\"hidden\" name=\"referer_title\" value=\"Alldance - Somsana : Chaussures et v\u00eatements de danse haut de gamme\" \/>\n\n\t\t\t\t\t\t\t<input type=\"hidden\" name=\"queried_id\" value=\"266\"\/>\n\t\t\t\n\t\t\t<div class=\"elementor-form-fields-wrapper elementor-labels-\">\n\t\t\t\t\t\t\t\t<div class=\"elementor-field-type-email elementor-field-group elementor-column elementor-field-group-email elementor-col-60 elementor-sm-50 elementor-field-required\">\n\t\t\t\t\t\t\t\t\t\t\t\t<label for=\"form-field-email\" class=\"elementor-field-label elementor-screen-only\">\n\t\t\t\t\t\t\t\tEmail\t\t\t\t\t\t\t<\/label>\n\t\t\t\t\t\t\t\t\t\t\t\t\t\t<input size=\"1\" type=\"email\" name=\"form_fields[email]\" id=\"form-field-email\" class=\"elementor-field elementor-size-sm  elementor-field-textual\" placeholder=\"Your Email Address\" required=\"required\">\n\t\t\t\t\t\t\t\t\t\t\t<\/div>\n\t\t\t\t\t\t\t\t<div class=\"elementor-field-group elementor-column elementor-field-type-submit elementor-col-40 e-form__buttons elementor-sm-50\">\n\t\t\t\t\t<button class=\"elementor-button elementor-size-sm elementor-animation-grow\" type=\"submit\">\n\t\t\t\t\t\t<span class=\"elementor-button-content-wrapper\">\n\t\t\t\t\t\t\t\t\t\t\t\t\t\t\t<span class=\"elementor-button-icon\">\n\t\t\t\t\t\t\t\t\t<i aria-hidden=\"true\" class=\"icon icon-right-arrow\"><\/i>\t\t\t\t\t\t\t\t\t\t\t\t\t\t\t\t\t<\/span>\n\t\t\t\t\t\t\t\t\t\t\t\t\t\t\t\t\t\t\t\t\t\t<span class=\"elementor-button-text\">devenir partenaire<\/span>\n\t\t\t\t\t\t\t\t\t\t\t\t\t<\/span>\n\t\t\t\t\t<\/button>\n\t\t\t\t<\/div>\n\t\t\t<\/div>\n\t\t<\/form>\n\t\t\t\t\t\t<\/div>\n\t\t\t\t<\/div>\n\t\t\t\t\t<\/div>\n\t\t<\/div>\n\t\t\t\t\t<\/div>\n\t\t<\/section>\n\t\t\t\t\t<\/div>\n\t\t<\/div>\n\t\t\t\t\t<\/div>\n\t\t<\/section>\n\t\t\t\t<\/div>\n\t\t","protected":false},"excerpt":{"rendered":"<p>Whether you're looking for pointe shoes, demi-pointe shoes, ballet flats, ankle boots, trainers, sneakers, a leotard with thin straps, a leotard with long sleeves or a lace leotard, ballroom dancing shoes or a Repetto bag, Alldance has it all.<\/p>\n<p>You'll find your item in your local shop or on our online dance site, which boasts one of the largest selections in France.<\/p>","protected":false},"author":1,"featured_media":269,"parent":0,"menu_order":0,"comment_status":"closed","ping_status":"closed","template":"","meta":{"footnotes":""},"class_list":["post-266","page","type-page","status-publish","has-post-thumbnail","hentry"],"_links":{"self":[{"href":"https:\/\/somsana.com\/en\/wp-json\/wp\/v2\/pages\/266","targetHints":{"allow":["GET"]}}],"collection":[{"href":"https:\/\/somsana.com\/en\/wp-json\/wp\/v2\/pages"}],"about":[{"href":"https:\/\/somsana.com\/en\/wp-json\/wp\/v2\/types\/page"}],"author":[{"embeddable":true,"href":"https:\/\/somsana.com\/en\/wp-json\/wp\/v2\/users\/1"}],"replies":[{"embeddable":true,"href":"https:\/\/somsana.com\/en\/wp-json\/wp\/v2\/comments?post=266"}],"version-history":[{"count":0,"href":"https:\/\/somsana.com\/en\/wp-json\/wp\/v2\/pages\/266\/revisions"}],"wp:featuredmedia":[{"embeddable":true,"href":"https:\/\/somsana.com\/en\/wp-json\/wp\/v2\/media\/269"}],"wp:attachment":[{"href":"https:\/\/somsana.com\/en\/wp-json\/wp\/v2\/media?parent=266"}],"curies":[{"name":"wp","href":"https:\/\/api.w.org\/{rel}","templated":true}]}}